{"id":128,"date":"2025-02-02T13:19:46","date_gmt":"2025-02-02T12:19:46","guid":{"rendered":"https:\/\/frank-hatem.com\/?page_id=128"},"modified":"2025-02-28T16:36:59","modified_gmt":"2025-02-28T15:36:59","slug":"telecharger-ebook-comprendre-la-souffrance","status":"publish","type":"page","link":"https:\/\/frank-hatem.com\/index.php\/telecharger-ebook-comprendre-la-souffrance\/","title":{"rendered":"T\u00e9l\u00e9charger Ebook comprendre la souffrance"},"content":{"rendered":"<p>[et_pb_section fb_built=\u00a0\u00bb1&Prime; _builder_version=\u00a0\u00bb4.27.4&Prime; _module_preset=\u00a0\u00bbdefault\u00a0\u00bb global_colors_info=\u00a0\u00bb{}\u00a0\u00bb][et_pb_row column_structure=\u00a0\u00bb1_2,1_2&Prime; _builder_version=\u00a0\u00bb4.27.4&Prime; _module_preset=\u00a0\u00bbdefault\u00a0\u00bb use_background_color_gradient=\u00a0\u00bbon\u00a0\u00bb background_color_gradient_direction=\u00a0\u00bb158deg\u00a0\u00bb background_color_gradient_stops=\u00a0\u00bb#000b75 0%|#2b89d1 100%\u00a0\u00bb width=\u00a0\u00bb100%\u00a0\u00bb max_width=\u00a0\u00bb2560px\u00a0\u00bb custom_padding=\u00a0\u00bb0px||0px||false|false\u00a0\u00bb global_colors_info=\u00a0\u00bb{}\u00a0\u00bb][et_pb_column type=\u00a0\u00bb1_2&Prime; _builder_version=\u00a0\u00bb4.27.4&Prime; _module_preset=\u00a0\u00bbdefault\u00a0\u00bb global_colors_info=\u00a0\u00bb{}\u00a0\u00bb][et_pb_image src=\u00a0\u00bbhttp:\/\/frank-hatem.com\/wp-content\/uploads\/2025\/02\/logo-ebook-1-1.png\u00a0\u00bb title_text=\u00a0\u00bblogo ebook (1)\u00a0\u00bb _builder_version=\u00a0\u00bb4.27.4&Prime; _module_preset=\u00a0\u00bbdefault\u00a0\u00bb hover_enabled=\u00a0\u00bb0&Prime; global_colors_info=\u00a0\u00bb{}\u00a0\u00bb sticky_enabled=\u00a0\u00bb0&Prime;][\/et_pb_image][\/et_pb_column][et_pb_column type=\u00a0\u00bb1_2&Prime; _builder_version=\u00a0\u00bb4.27.4&Prime; _module_preset=\u00a0\u00bbdefault\u00a0\u00bb background_enable_color=\u00a0\u00bboff\u00a0\u00bb custom_padding=\u00a0\u00bb100px|50px||50px|false|false\u00a0\u00bb global_colors_info=\u00a0\u00bb{}\u00a0\u00bb][et_pb_text _builder_version=\u00a0\u00bb4.27.4&Prime; text_font=\u00a0\u00bbWork Sans||||||||\u00a0\u00bb text_font_size=\u00a0\u00bb16px\u00a0\u00bb text_line_height=\u00a0\u00bb1.5em\u00a0\u00bb header_font=\u00a0\u00bb||||||||\u00a0\u00bb header_2_font=\u00a0\u00bbWork Sans|700|||||||\u00a0\u00bb header_2_font_size=\u00a0\u00bb40px\u00a0\u00bb header_2_line_height=\u00a0\u00bb1.2em\u00a0\u00bb background_layout=\u00a0\u00bbdark\u00a0\u00bb max_width=\u00a0\u00bb800px\u00a0\u00bb custom_margin=\u00a0\u00bb||||false|false\u00a0\u00bb custom_padding=\u00a0\u00bb||8px|||\u00a0\u00bb text_font_size_tablet=\u00a0\u00bb16px\u00a0\u00bb text_font_size_phone=\u00a0\u00bb16px\u00a0\u00bb text_font_size_last_edited=\u00a0\u00bboff|desktop\u00a0\u00bb header_2_font_size_tablet=\u00a0\u00bb30px\u00a0\u00bb header_2_font_size_phone=\u00a0\u00bb22px\u00a0\u00bb header_2_font_size_last_edited=\u00a0\u00bbon|phone\u00a0\u00bb locked=\u00a0\u00bboff\u00a0\u00bb global_colors_info=\u00a0\u00bb{}\u00a0\u00bb header_font_size__hover=\u00a0\u00bb30px\u00a0\u00bb header_font_size__hover_enabled=\u00a0\u00bb30px\u00a0\u00bb header_letter_spacing__hover=\u00a0\u00bb0px\u00a0\u00bb header_letter_spacing__hover_enabled=\u00a0\u00bb0px\u00a0\u00bb header_text_shadow_style__hover=\u00a0\u00bbnone\u00a0\u00bb header_text_shadow_style__hover_enabled=\u00a0\u00bbnone\u00a0\u00bb header_text_shadow_color__hover=\u00a0\u00bbrgba(0,0,0,0.4)\u00a0\u00bb header_text_shadow_color__hover_enabled=\u00a0\u00bbrgba(0,0,0,0.4)\u00a0\u00bb text_font_size__hover=\u00a0\u00bb14px\u00a0\u00bb text_font_size__hover_enabled=\u00a0\u00bb14px\u00a0\u00bb text_letter_spacing__hover=\u00a0\u00bb0px\u00a0\u00bb text_letter_spacing__hover_enabled=\u00a0\u00bb0px\u00a0\u00bb text_line_height__hover=\u00a0\u00bb1.7em\u00a0\u00bb text_line_height__hover_enabled=\u00a0\u00bb1.7em\u00a0\u00bb text_text_shadow_style__hover=\u00a0\u00bbnone\u00a0\u00bb text_text_shadow_style__hover_enabled=\u00a0\u00bbnone\u00a0\u00bb text_text_shadow_color__hover=\u00a0\u00bbrgba(0,0,0,0.4)\u00a0\u00bb text_text_shadow_color__hover_enabled=\u00a0\u00bbrgba(0,0,0,0.4)\u00a0\u00bb link_font_size__hover=\u00a0\u00bb14px\u00a0\u00bb link_font_size__hover_enabled=\u00a0\u00bb14px\u00a0\u00bb link_letter_spacing__hover=\u00a0\u00bb0px\u00a0\u00bb link_letter_spacing__hover_enabled=\u00a0\u00bb0px\u00a0\u00bb link_line_height__hover=\u00a0\u00bb1em\u00a0\u00bb link_line_height__hover_enabled=\u00a0\u00bb1em\u00a0\u00bb link_text_shadow_style__hover=\u00a0\u00bbnone\u00a0\u00bb link_text_shadow_style__hover_enabled=\u00a0\u00bbnone\u00a0\u00bb link_text_shadow_color__hover=\u00a0\u00bbrgba(0,0,0,0.4)\u00a0\u00bb link_text_shadow_color__hover_enabled=\u00a0\u00bbrgba(0,0,0,0.4)\u00a0\u00bb ul_font_size__hover=\u00a0\u00bb14px\u00a0\u00bb ul_font_size__hover_enabled=\u00a0\u00bb14px\u00a0\u00bb ul_letter_spacing__hover=\u00a0\u00bb0px\u00a0\u00bb ul_letter_spacing__hover_enabled=\u00a0\u00bb0px\u00a0\u00bb ul_line_height__hover=\u00a0\u00bb1em\u00a0\u00bb ul_line_height__hover_enabled=\u00a0\u00bb1em\u00a0\u00bb ul_text_shadow_style__hover=\u00a0\u00bbnone\u00a0\u00bb ul_text_shadow_style__hover_enabled=\u00a0\u00bbnone\u00a0\u00bb ul_text_shadow_color__hover=\u00a0\u00bbrgba(0,0,0,0.4)\u00a0\u00bb ul_text_shadow_color__hover_enabled=\u00a0\u00bbrgba(0,0,0,0.4)\u00a0\u00bb ol_font_size__hover=\u00a0\u00bb14px\u00a0\u00bb ol_font_size__hover_enabled=\u00a0\u00bb14px\u00a0\u00bb ol_letter_spacing__hover=\u00a0\u00bb0px\u00a0\u00bb ol_letter_spacing__hover_enabled=\u00a0\u00bb0px\u00a0\u00bb ol_line_height__hover=\u00a0\u00bb1em\u00a0\u00bb ol_line_height__hover_enabled=\u00a0\u00bb1em\u00a0\u00bb ol_text_shadow_style__hover=\u00a0\u00bbnone\u00a0\u00bb ol_text_shadow_style__hover_enabled=\u00a0\u00bbnone\u00a0\u00bb ol_text_shadow_color__hover=\u00a0\u00bbrgba(0,0,0,0.4)\u00a0\u00bb ol_text_shadow_color__hover_enabled=\u00a0\u00bbrgba(0,0,0,0.4)\u00a0\u00bb quote_font_size__hover=\u00a0\u00bb14px\u00a0\u00bb quote_font_size__hover_enabled=\u00a0\u00bb14px\u00a0\u00bb quote_letter_spacing__hover=\u00a0\u00bb0px\u00a0\u00bb quote_letter_spacing__hover_enabled=\u00a0\u00bb0px\u00a0\u00bb quote_line_height__hover=\u00a0\u00bb1em\u00a0\u00bb quote_line_height__hover_enabled=\u00a0\u00bb1em\u00a0\u00bb quote_text_shadow_style__hover=\u00a0\u00bbnone\u00a0\u00bb quote_text_shadow_style__hover_enabled=\u00a0\u00bbnone\u00a0\u00bb quote_text_shadow_color__hover=\u00a0\u00bbrgba(0,0,0,0.4)\u00a0\u00bb quote_text_shadow_color__hover_enabled=\u00a0\u00bbrgba(0,0,0,0.4)\u00a0\u00bb text_orientation__hover=\u00a0\u00bbleft\u00a0\u00bb text_orientation__hover_enabled=\u00a0\u00bbleft\u00a0\u00bb background_layout__hover=\u00a0\u00bblight\u00a0\u00bb background_layout__hover_enabled=\u00a0\u00bblight\u00a0\u00bb max_width__hover=\u00a0\u00bb100%\u00a0\u00bb max_width__hover_enabled=\u00a0\u00bb100%\u00a0\u00bb]<\/p>\n<h2>Pourquoi le souffrance et comment la faire reculer ?<\/h2>\n<p>Dans ce livre num\u00e9rique offert, d\u00e9couvrez les origines profondes de la souffrance existentielle humaine (illusions de l\u2019ego, ignorance de notre v\u00e9ritable nature&#8230;) et d\u00e9couvrez les cl\u00e9s pour transcender ces limites pour vivre en harmonie avec vous-m\u00eame.<\/p>\n<p>[\/et_pb_text][et_pb_code _builder_version=\u00a0\u00bb4.27.4&Prime; _module_preset=\u00a0\u00bbdefault\u00a0\u00bb global_colors_info=\u00a0\u00bb{}\u00a0\u00bb]    <center> <!--<!-- [et_pb_line_break_holder] -->        ## Largeur &#038; hauteur ##<!-- [et_pb_line_break_holder] -->        <!-- [et_pb_line_break_holder] -->        width : R\u00e9glage de la largeur du formulaire en hauteur.<!-- [et_pb_line_break_holder] -->        height : R\u00e9glage de la hauteur du formulaire en hauteur.<!-- [et_pb_line_break_holder] -->        <!-- [et_pb_line_break_holder] -->        ## D\u00e9filement ##<!-- [et_pb_line_break_holder] -->        <!-- [et_pb_line_break_holder] -->        scrolling=\u00a0\u00bbyes\u00a0\u00bb : Pour ajouter les barres de defilement.<!-- [et_pb_line_break_holder] -->        scrolling=\u00a0\u00bbno\u00a0\u00bb : Pour ajouter les barres de defilement (c&rsquo;est plus joli sans).<!-- [et_pb_line_break_holder] -->        scrolling=\u00a0\u00bbauto\u00a0\u00bb : Pour ajouter les barres de defilement.<!-- [et_pb_line_break_holder] -->        &#8211;><!-- [et_pb_line_break_holder] -->        <iframe id=\"sg-form-73818\"<!-- [et_pb_line_break_holder] -->                title=\u00a0\u00bbFormulaire d&rsquo;inscription SG Autor\u00e9pondeur\u00a0\u00bb<!-- [et_pb_line_break_holder] -->                width=\u00a0\u00bb400&Prime;<!-- [et_pb_line_break_holder] -->                height=\u00a0\u00bb550&Prime;<!-- [et_pb_line_break_holder] -->                scrolling=\u00a0\u00bbno\u00a0\u00bb<!-- [et_pb_line_break_holder] -->                src=\u00a0\u00bbhttps:\/\/sg-autorepondeur.com\/public\/form.php?data=eyJmb3JtIjo3MzgxOCwidXNlciI6IjQyMzAyIn0-&#038;without-background=true\u00a0\u00bb<!-- [et_pb_line_break_holder] -->                style=\u00a0\u00bbborder: none;\u00a0\u00bb><!-- [et_pb_line_break_holder] -->        <\/iframe><\/center>[\/et_pb_code][et_pb_blurb title=\u00a0\u00bbTransformez vos perceptions pour trouver la paix int\u00e9rieure\u00a0\u00bb use_icon=\u00a0\u00bbon\u00a0\u00bb font_icon=\u00a0\u00bb&#x4e;||divi||400&Prime; icon_color=\u00a0\u00bb#ffffff\u00a0\u00bb image_icon_background_color=\u00a0\u00bbrgba(255,255,255,0.24)\u00a0\u00bb icon_placement=\u00a0\u00bbleft\u00a0\u00bb image_icon_width=\u00a0\u00bb32px\u00a0\u00bb content_max_width=\u00a0\u00bb100%\u00a0\u00bb _builder_version=\u00a0\u00bb4.16&Prime; header_font=\u00a0\u00bbWork Sans|600|||||||\u00a0\u00bb header_font_size=\u00a0\u00bb18px\u00a0\u00bb header_line_height=\u00a0\u00bb1.4em\u00a0\u00bb body_font=\u00a0\u00bbWork Sans||||||||\u00a0\u00bb body_font_size=\u00a0\u00bb16px\u00a0\u00bb body_line_height=\u00a0\u00bb1.8em\u00a0\u00bb image_icon_custom_padding=\u00a0\u00bb8px|8px|8px|8px|false|false\u00a0\u00bb background_layout=\u00a0\u00bbdark\u00a0\u00bb custom_padding=\u00a0\u00bb5px||5px||true\u00a0\u00bb animation=\u00a0\u00bboff\u00a0\u00bb body_font_size_tablet=\u00a0\u00bb16px\u00a0\u00bb body_font_size_phone=\u00a0\u00bb14px\u00a0\u00bb body_font_size_last_edited=\u00a0\u00bbon|phone\u00a0\u00bb border_radii_image=\u00a0\u00bbon|100%|100%|100%|100%\u00a0\u00bb border_width_all_image=\u00a0\u00bb2px\u00a0\u00bb border_color_all_image=\u00a0\u00bbrgba(255,255,255,0)\u00a0\u00bb icon_font_size=\u00a0\u00bb32px\u00a0\u00bb use_circle=\u00a0\u00bbon\u00a0\u00bb use_circle_border=\u00a0\u00bbon\u00a0\u00bb circle_border_color=\u00a0\u00bbrgba(255,255,255,0)\u00a0\u00bb circle_color=\u00a0\u00bbrgba(255,255,255,0.24)\u00a0\u00bb locked=\u00a0\u00bboff\u00a0\u00bb global_colors_info=\u00a0\u00bb{}\u00a0\u00bb body_line_height__hover=\u00a0\u00bb1.7em\u00a0\u00bb body_line_height__hover_enabled=\u00a0\u00bb1.7em\u00a0\u00bb body_font_size__hover=\u00a0\u00bb14px\u00a0\u00bb body_font_size__hover_enabled=\u00a0\u00bb14px\u00a0\u00bb image_icon_background_color__sticky_enabled=\u00a0\u00bb#353782&Prime; image_icon_background_color__sticky=\u00a0\u00bb#353782&Prime;]<\/p>\n<p>Apprenez \u00e0 d\u00e9passer les illusions qui entretiennent la souffrance et adoptez une vision claire et lib\u00e9ratrice de la r\u00e9alit\u00e9.<\/p>\n<p>[\/et_pb_blurb][et_pb_blurb title=\u00a0\u00bbAcc\u00e9dez \u00e0 un nouveau mod\u00e8le d\u2019\u00e9volution personnelle\u00a0\u00bb use_icon=\u00a0\u00bbon\u00a0\u00bb font_icon=\u00a0\u00bb&#x4e;||divi||400&Prime; icon_color=\u00a0\u00bb#ffffff\u00a0\u00bb image_icon_background_color=\u00a0\u00bbrgba(255,255,255,0.24)\u00a0\u00bb icon_placement=\u00a0\u00bbleft\u00a0\u00bb image_icon_width=\u00a0\u00bb32px\u00a0\u00bb content_max_width=\u00a0\u00bb100%\u00a0\u00bb _builder_version=\u00a0\u00bb4.16&Prime; header_font=\u00a0\u00bbWork Sans|600|||||||\u00a0\u00bb header_font_size=\u00a0\u00bb18px\u00a0\u00bb header_line_height=\u00a0\u00bb1.4em\u00a0\u00bb body_font=\u00a0\u00bbWork Sans||||||||\u00a0\u00bb body_font_size=\u00a0\u00bb16px\u00a0\u00bb body_line_height=\u00a0\u00bb1.8em\u00a0\u00bb image_icon_custom_padding=\u00a0\u00bb8px|8px|8px|8px|false|false\u00a0\u00bb background_layout=\u00a0\u00bbdark\u00a0\u00bb custom_padding=\u00a0\u00bb5px||5px||true\u00a0\u00bb animation=\u00a0\u00bboff\u00a0\u00bb body_font_size_tablet=\u00a0\u00bb16px\u00a0\u00bb body_font_size_phone=\u00a0\u00bb14px\u00a0\u00bb body_font_size_last_edited=\u00a0\u00bbon|phone\u00a0\u00bb border_radii_image=\u00a0\u00bbon|100%|100%|100%|100%\u00a0\u00bb border_width_all_image=\u00a0\u00bb2px\u00a0\u00bb border_color_all_image=\u00a0\u00bbrgba(255,255,255,0)\u00a0\u00bb icon_font_size=\u00a0\u00bb32px\u00a0\u00bb use_circle=\u00a0\u00bbon\u00a0\u00bb use_circle_border=\u00a0\u00bbon\u00a0\u00bb circle_border_color=\u00a0\u00bbrgba(255,255,255,0)\u00a0\u00bb circle_color=\u00a0\u00bbrgba(255,255,255,0.24)\u00a0\u00bb locked=\u00a0\u00bboff\u00a0\u00bb global_colors_info=\u00a0\u00bb{}\u00a0\u00bb body_line_height__hover=\u00a0\u00bb1.7em\u00a0\u00bb body_line_height__hover_enabled=\u00a0\u00bb1.7em\u00a0\u00bb body_font_size__hover=\u00a0\u00bb14px\u00a0\u00bb body_font_size__hover_enabled=\u00a0\u00bb14px\u00a0\u00bb image_icon_background_color__sticky_enabled=\u00a0\u00bb#353782&Prime; image_icon_background_color__sticky=\u00a0\u00bb#353782&Prime;]<\/p>\n<p>Adoptez des principes universels qui alignent votre vie avec votre conscience profonde et lib\u00e8rent votre plein potentiel.<\/p>\n<p>[\/et_pb_blurb][et_pb_blurb title=\u00a0\u00bbD\u00e9couvrez la cause profonde de vos blocages int\u00e9rieurs\u00a0\u00bb use_icon=\u00a0\u00bbon\u00a0\u00bb font_icon=\u00a0\u00bb&#x4e;||divi||400&Prime; icon_color=\u00a0\u00bb#ffffff\u00a0\u00bb image_icon_background_color=\u00a0\u00bbrgba(255,255,255,0.24)\u00a0\u00bb icon_placement=\u00a0\u00bbleft\u00a0\u00bb image_icon_width=\u00a0\u00bb32px\u00a0\u00bb content_max_width=\u00a0\u00bb100%\u00a0\u00bb _builder_version=\u00a0\u00bb4.16&Prime; header_font=\u00a0\u00bbWork Sans|600|||||||\u00a0\u00bb header_font_size=\u00a0\u00bb18px\u00a0\u00bb header_line_height=\u00a0\u00bb1.4em\u00a0\u00bb body_font=\u00a0\u00bbWork Sans||||||||\u00a0\u00bb body_font_size=\u00a0\u00bb16px\u00a0\u00bb body_line_height=\u00a0\u00bb1.8em\u00a0\u00bb image_icon_custom_padding=\u00a0\u00bb8px|8px|8px|8px|false|false\u00a0\u00bb background_layout=\u00a0\u00bbdark\u00a0\u00bb custom_padding=\u00a0\u00bb5px||5px||true\u00a0\u00bb animation=\u00a0\u00bboff\u00a0\u00bb body_font_size_tablet=\u00a0\u00bb16px\u00a0\u00bb body_font_size_phone=\u00a0\u00bb14px\u00a0\u00bb body_font_size_last_edited=\u00a0\u00bbon|phone\u00a0\u00bb border_radii_image=\u00a0\u00bbon|100%|100%|100%|100%\u00a0\u00bb border_width_all_image=\u00a0\u00bb2px\u00a0\u00bb border_color_all_image=\u00a0\u00bbrgba(255,255,255,0)\u00a0\u00bb icon_font_size=\u00a0\u00bb32px\u00a0\u00bb use_circle=\u00a0\u00bbon\u00a0\u00bb use_circle_border=\u00a0\u00bbon\u00a0\u00bb circle_border_color=\u00a0\u00bbrgba(255,255,255,0)\u00a0\u00bb circle_color=\u00a0\u00bbrgba(255,255,255,0.24)\u00a0\u00bb locked=\u00a0\u00bboff\u00a0\u00bb global_colors_info=\u00a0\u00bb{}\u00a0\u00bb body_line_height__hover=\u00a0\u00bb1.7em\u00a0\u00bb body_line_height__hover_enabled=\u00a0\u00bb1.7em\u00a0\u00bb image_icon_background_color__sticky_enabled=\u00a0\u00bb#353782&Prime; image_icon_background_color__sticky=\u00a0\u00bb#353782&Prime;]<\/p>\n<p>Comprenez pourquoi vous ressentez des limitations dans votre vie et comment elles sont li\u00e9es \u00e0 une m\u00e9connaissance de votre v\u00e9ritable essence.<\/p>\n<p>[\/et_pb_blurb][\/et_pb_column][\/et_pb_row][\/et_pb_section]<\/p>\n","protected":false},"excerpt":{"rendered":"<p>Pourquoi le souffrance et comment la faire reculer ? Dans ce livre num\u00e9rique offert, d\u00e9couvrez les origines profondes de la souffrance existentielle humaine (illusions de l\u2019ego, ignorance de notre v\u00e9ritable nature&#8230;) et d\u00e9couvrez les cl\u00e9s pour transcender ces limites pour vivre en harmonie avec vous-m\u00eame.Apprenez \u00e0 d\u00e9passer les illusions qui entretiennent la souffrance et adoptez [&hellip;]<\/p>\n","protected":false},"author":1,"featured_media":0,"parent":0,"menu_order":0,"comment_status":"closed","ping_status":"closed","template":"","meta":{"_et_pb_use_builder":"on","_et_pb_old_content":"","_et_gb_content_width":"","footnotes":""},"class_list":["post-128","page","type-page","status-publish","hentry"],"_links":{"self":[{"href":"https:\/\/frank-hatem.com\/index.php\/wp-json\/wp\/v2\/pages\/128","targetHints":{"allow":["GET"]}}],"collection":[{"href":"https:\/\/frank-hatem.com\/index.php\/wp-json\/wp\/v2\/pages"}],"about":[{"href":"https:\/\/frank-hatem.com\/index.php\/wp-json\/wp\/v2\/types\/page"}],"author":[{"embeddable":true,"href":"https:\/\/frank-hatem.com\/index.php\/wp-json\/wp\/v2\/users\/1"}],"replies":[{"embeddable":true,"href":"https:\/\/frank-hatem.com\/index.php\/wp-json\/wp\/v2\/comments?post=128"}],"version-history":[{"count":6,"href":"https:\/\/frank-hatem.com\/index.php\/wp-json\/wp\/v2\/pages\/128\/revisions"}],"predecessor-version":[{"id":214,"href":"https:\/\/frank-hatem.com\/index.php\/wp-json\/wp\/v2\/pages\/128\/revisions\/214"}],"wp:attachment":[{"href":"https:\/\/frank-hatem.com\/index.php\/wp-json\/wp\/v2\/media?parent=128"}],"curies":[{"name":"wp","href":"https:\/\/api.w.org\/{rel}","templated":true}]}}